{"id":41769,"date":"2024-03-07T16:58:42","date_gmt":"2024-03-07T16:58:42","guid":{"rendered":"https:\/\/balcondelevante.com\/a-vendre\/"},"modified":"2024-03-07T17:09:47","modified_gmt":"2024-03-07T17:09:47","slug":"a-vendre","status":"publish","type":"page","link":"https:\/\/balcondelevante.com\/fr\/a-vendre\/","title":{"rendered":"\u00c0 vendre"},"content":{"rendered":"\n\t<div class=\"loop epl-shortcode epl-clearfix\">\n\t\t<div class=\"loop-content  epl-template-blog epl-clearfix\">\n\t\t\t\n<div id=\"post-42392\" class=\"epl-listing-post epl-property-blog epl-clearfix post-42392 property type-property status-publish has-post-thumbnail hentry epl-status-current\" >\n\t<div class=\"epl-property-blog-entry-wrapper epl-clearfix\">\n\t\t\t\t\t\t\t\t\t<div class=\"property-box property-box-left property-featured-image-wrapper\">\n\t\t\t\t\t\t\t<div class=\"epl-archive-entry-image\">\n\t\t\t\t\t\t\t<a href=\"https:\/\/balcondelevante.com\/fr\/property\/espectacular-apartamento-en-venta-en-primera-linea-el-balcon-del-mediterraneo\/\">\n\t\t\t\t\t\t\t<div class=\"epl-blog-image\">\n\t\t\t\t\t\t\t<div class=\"epl-stickers-wrapper\">\n\t\t\t<span class=\"status-sticker new\">New<\/span>\t\t<\/div>\n\t\t\t\t\t\t\t<img fetchpriority=\"high\" decoding=\"async\" width=\"300\" height=\"200\" src=\"https:\/\/balcondelevante.com\/wp-content\/uploads\/2026\/04\/FOTO-CON-LOGO-1-LEVANTE-BALCON-300x200.png\" class=\"teaser-left-thumb wp-post-image\" alt=\"\" srcset=\"https:\/\/balcondelevante.com\/wp-content\/uploads\/2026\/04\/FOTO-CON-LOGO-1-LEVANTE-BALCON-300x200.png 300w, https:\/\/balcondelevante.com\/wp-content\/uploads\/2026\/04\/FOTO-CON-LOGO-1-LEVANTE-BALCON-240x160.png 240w\" sizes=\"(max-width: 300px) 100vw, 300px\" \/>\t\t\t\t<\/div>\n\t\t\t\t\t\t\t<\/a>\n\t\t\t\t\t<\/div>\n\t\t\t\t\t\t\t<!-- Home Open -->\n\t\t\t\t\t\t\t\t\t<\/div>\n\t\t\t\n\t\t\t<div class=\"property-box property-box-right property-content\">\n\t\t\t\t<!-- Heading -->\n\t\t\t\t<h3 class=\"entry-title\"><a href=\"https:\/\/balcondelevante.com\/fr\/property\/espectacular-apartamento-en-venta-en-primera-linea-el-balcon-del-mediterraneo\/\">Espectacular Apartamento en venta en Primera L\u00ednea: El Balc\u00f3n del Mediterr\u00e1neo<\/a><\/h3>\n\t\t\t\t<div class=\"entry-content\">\n\t\t\t\t\t<div class=\"epl-excerpt-content\"><p>\u00bfBuscas una inversi\u00f3n segura o el hogar de tus sue\u00f1os frente al mar? Este luminoso apartamento en la emblem\u00e1tica Playa de Levante de Benidorm no es solo una propiedad; es un palco VIP al azul infinito del Mediterr\u00e1neo. Situado en una de las zonas m\u00e1s deseadas, ofrece la combinaci\u00f3n perfecta entre tranquilidad y acceso inmediato ...<\/p>\n<\/div>\t\t\t\t<\/div>\n\t\t\t\t<!-- Address -->\n\t\t\t\t<div class=\"property-address\">\n\t\t\t\t\t<a href=\"https:\/\/balcondelevante.com\/fr\/property\/espectacular-apartamento-en-venta-en-primera-linea-el-balcon-del-mediterraneo\/\">\n\t\t\t\t\t\t\t\n\t\t\t<span class=\"entry-title-sub\">\n\t\t\t\t\t\t\t<span class=\"item-suburb\"><\/span>\n\t\t\t\t\n\t\t\t\t\t\t<span class=\"item-state\"><\/span>\n\t\t\t<span class=\"item-pcode\"><\/span>\n\t\t\t\t\t<\/span>\n\t\t\t\t\t\t\t<\/a>\n\t\t\t\t<\/div>\n\t\t\t\t<!-- Property Featured Icons -->\n\t\t\t\t<div class=\"property-feature-icons\">\n\t\t\t\t\t\t\t\t\t<\/div>\n\t\t\t\t<!-- Price -->\n\t\t\t\t<div class=\"price\">\n\t\t\t\t\t<span class=\"page-price\">POA<\/span>\t\t\t\t<\/div>\n\t\t\t<\/div>\n\t\t\t<\/div>\n<\/div>\n\n<div id=\"post-42365\" class=\"epl-listing-post epl-property-blog epl-clearfix post-42365 property type-property status-publish has-post-thumbnail hentry epl-status-current\" >\n\t<div class=\"epl-property-blog-entry-wrapper epl-clearfix\">\n\t\t\t\t\t\t\t\t\t<div class=\"property-box property-box-left property-featured-image-wrapper\">\n\t\t\t\t\t\t\t<div class=\"epl-archive-entry-image\">\n\t\t\t\t\t\t\t<a href=\"https:\/\/balcondelevante.com\/fr\/property\/espectacular-apartamento-en-venta-situado-en-primera-linea-de-playa\/\">\n\t\t\t\t\t\t\t<div class=\"epl-blog-image\">\n\t\t\t\t\t\t\t<div class=\"epl-stickers-wrapper\">\n\t\t\t<span class=\"status-sticker new\">New<\/span>\t\t<\/div>\n\t\t\t\t\t\t\t<img decoding=\"async\" width=\"300\" height=\"200\" src=\"https:\/\/balcondelevante.com\/wp-content\/uploads\/2026\/04\/FOTO-CON-LOGO-5-300x200.png\" class=\"teaser-left-thumb wp-post-image\" alt=\"\" srcset=\"https:\/\/balcondelevante.com\/wp-content\/uploads\/2026\/04\/FOTO-CON-LOGO-5-300x200.png 300w, https:\/\/balcondelevante.com\/wp-content\/uploads\/2026\/04\/FOTO-CON-LOGO-5-240x160.png 240w\" sizes=\"(max-width: 300px) 100vw, 300px\" \/>\t\t\t\t<\/div>\n\t\t\t\t\t\t\t<\/a>\n\t\t\t\t\t<\/div>\n\t\t\t\t\t\t\t<!-- Home Open -->\n\t\t\t\t\t\t\t\t\t<\/div>\n\t\t\t\n\t\t\t<div class=\"property-box property-box-right property-content\">\n\t\t\t\t<!-- Heading -->\n\t\t\t\t<h3 class=\"entry-title\"><a href=\"https:\/\/balcondelevante.com\/fr\/property\/espectacular-apartamento-en-venta-situado-en-primera-linea-de-playa\/\">Espectacular Apartamento en venta situado en Primera L\u00ednea de playa<\/a><\/h3>\n\t\t\t\t<div class=\"entry-content\">\n\t\t\t\t\t<div class=\"epl-excerpt-content\"><p>\u00bfBuscas despertarte cada ma\u00f1ana con el sonido de las olas y una vista infinita al Mediterr\u00e1neo? Despierta cada d\u00eda sobre el Mediterr\u00e1neo en este espectacular apartamento, una inversi\u00f3n \u00fanica en la zona m\u00e1s codiciada de la Playa de Levante. El Coraz\u00f3n de la Vivienda: Un Sal\u00f3n Abierto al Mar La joya de este inmueble es ...<\/p>\n<\/div>\t\t\t\t<\/div>\n\t\t\t\t<!-- Address -->\n\t\t\t\t<div class=\"property-address\">\n\t\t\t\t\t<a href=\"https:\/\/balcondelevante.com\/fr\/property\/espectacular-apartamento-en-venta-situado-en-primera-linea-de-playa\/\">\n\t\t\t\t\t\t\t\n\t\t\t<span class=\"entry-title-sub\">\n\t\t\t\t\t\t\t<span class=\"item-suburb\"><\/span>\n\t\t\t\t\n\t\t\t\t\t\t<span class=\"item-state\"><\/span>\n\t\t\t<span class=\"item-pcode\"><\/span>\n\t\t\t\t\t<\/span>\n\t\t\t\t\t\t\t<\/a>\n\t\t\t\t<\/div>\n\t\t\t\t<!-- Property Featured Icons -->\n\t\t\t\t<div class=\"property-feature-icons\">\n\t\t\t\t\t\t\t\t\t<\/div>\n\t\t\t\t<!-- Price -->\n\t\t\t\t<div class=\"price\">\n\t\t\t\t\t<span class=\"page-price\">POA<\/span>\t\t\t\t<\/div>\n\t\t\t<\/div>\n\t\t\t<\/div>\n<\/div>\n\n<div id=\"post-42344\" class=\"epl-listing-post epl-property-blog epl-clearfix post-42344 property type-property status-publish has-post-thumbnail hentry epl-status-current\" >\n\t<div class=\"epl-property-blog-entry-wrapper epl-clearfix\">\n\t\t\t\t\t\t\t\t\t<div class=\"property-box property-box-left property-featured-image-wrapper\">\n\t\t\t\t\t\t\t<div class=\"epl-archive-entry-image\">\n\t\t\t\t\t\t\t<a href=\"https:\/\/balcondelevante.com\/fr\/property\/villa-en-balcon-de-finestrat\/\">\n\t\t\t\t\t\t\t<div class=\"epl-blog-image\">\n\t\t\t\t\t\t\t<div class=\"epl-stickers-wrapper\">\n\t\t\t\t\t<\/div>\n\t\t\t\t\t\t\t<img decoding=\"async\" width=\"300\" height=\"200\" src=\"https:\/\/balcondelevante.com\/wp-content\/uploads\/2023\/05\/FOTO-NUEVA-CON-LOGO-15-300x200.png\" class=\"teaser-left-thumb wp-post-image\" alt=\"Villa en alc\u00f3n de Finestrat\" srcset=\"https:\/\/balcondelevante.com\/wp-content\/uploads\/2023\/05\/FOTO-NUEVA-CON-LOGO-15-300x200.png 300w, https:\/\/balcondelevante.com\/wp-content\/uploads\/2023\/05\/FOTO-NUEVA-CON-LOGO-15-240x160.png 240w\" sizes=\"(max-width: 300px) 100vw, 300px\" \/>\t\t\t\t<\/div>\n\t\t\t\t\t\t\t<\/a>\n\t\t\t\t\t<\/div>\n\t\t\t\t\t\t\t<!-- Home Open -->\n\t\t\t\t\t\t\t\t\t<\/div>\n\t\t\t\n\t\t\t<div class=\"property-box property-box-right property-content\">\n\t\t\t\t<!-- Heading -->\n\t\t\t\t<h3 class=\"entry-title\"><a href=\"https:\/\/balcondelevante.com\/fr\/property\/villa-en-balcon-de-finestrat\/\">Villa de Lujo en Venta en Balc\u00f3n de Finestrat | Obra Nueva 2023 | Garaje Privado y Piscina<\/a><\/h3>\n\t\t\t\t<div class=\"entry-content\">\n\t\t\t\t\t<div class=\"epl-excerpt-content\"><p>Balc\u00f3n de Levante tiene el placer de ofrecerle esta propiedad de dise\u00f1o contempor\u00e1neo, caracterizada por su excepcional luminosidad y una arquitectura pensada para el m\u00e1ximo confort. Ubicada en el prestigioso Balc\u00f3n de Finestrat, esta villa representa el equilibrio perfecto entre lujo y funcionalidad. La vivienda se distribuye de la siguiente manera: Planta Principal: El Coraz\u00f3n ...<\/p>\n<\/div>\t\t\t\t<\/div>\n\t\t\t\t<!-- Address -->\n\t\t\t\t<div class=\"property-address\">\n\t\t\t\t\t<a href=\"https:\/\/balcondelevante.com\/fr\/property\/villa-en-balcon-de-finestrat\/\">\n\t\t\t\t\t\t\t\n\t\t\t<span class=\"entry-title-sub\">\n\t\t\t\t\t\t\t<span class=\"item-suburb\"><\/span>\n\t\t\t\t\n\t\t\t\t\t\t<span class=\"item-state\"><\/span>\n\t\t\t<span class=\"item-pcode\"><\/span>\n\t\t\t\t\t<\/span>\n\t\t\t\t\t\t\t<\/a>\n\t\t\t\t<\/div>\n\t\t\t\t<!-- Property Featured Icons -->\n\t\t\t\t<div class=\"property-feature-icons\">\n\t\t\t\t\t<div class=\"epl-icon-svg-container epl-icon-container-bed\">\n\t\t\t\t\t\t\t<div class=\"epl-icon epl-icon-svg bed\" title=\"Chambres\"><svg viewBox=\"0 0 100 100\" class=\"epl-icon-svg-bed\"><use xlink:href=\"#epl-icon-svg-bed\"><\/use><\/svg><\/div>\n\t\t\t\t\t\t\t<div class=\"icon-value\">3<\/div>\n\t\t\t\t\t\t<\/div><div class=\"epl-icon-svg-container epl-icon-container-bath\">\n\t\t\t\t\t\t\t<div class=\"epl-icon epl-icon-svg bath\" title=\"Salle(s) de bain\"><svg viewBox=\"0 0 100 100\" class=\"epl-icon-svg-bath\"><use xlink:href=\"#epl-icon-svg-bath\"><\/use><\/svg><\/div>\n\t\t\t\t\t\t\t<div class=\"icon-value\">4<\/div>\n\t\t\t\t\t\t<\/div><div class=\"epl-icon-svg-container epl-icon-container-car\">\n\t\t\t\t\t\t\t<div class=\"epl-icon epl-icon-svg car\" title=\"place(s) de parking ouvertes\"><svg viewBox=\"0 0 100 100\" class=\"epl-icon-svg-car\"><use xlink:href=\"#epl-icon-svg-car\"><\/use><\/svg><\/div>\n\t\t\t\t\t\t\t<div class=\"icon-value\">1<\/div>\n\t\t\t\t\t\t<\/div><div class=\"epl-icon-svg-container epl-icon-container-pool\">\n\t\t\t\t\t\t\t\t<div class=\"epl-icon epl-icon-svg pool\" title=\"Piscine\"><svg viewBox=\"0 0 100 100\" class=\"epl-icon-svg-pool\"><use xlink:href=\"#epl-icon-svg-pool\"><\/use><\/svg><\/div>\n\t\t\t\t\t\t\t<\/div>\t\t\t\t<\/div>\n\t\t\t\t<!-- Price -->\n\t\t\t\t<div class=\"price\">\n\t\t\t\t\t<span class=\"page-price\">POA<\/span>\t\t\t\t<\/div>\n\t\t\t<\/div>\n\t\t\t<\/div>\n<\/div>\n\n<div id=\"post-41241\" class=\"epl-listing-post epl-property-blog epl-clearfix post-41241 property type-property status-publish has-post-thumbnail hentry epl-status-current\" >\n\t<div class=\"epl-property-blog-entry-wrapper epl-clearfix\">\n\t\t\t\t\t\t\t\t\t<div class=\"property-box property-box-left property-featured-image-wrapper\">\n\t\t\t\t\t\t\t<div class=\"epl-archive-entry-image\">\n\t\t\t\t\t\t\t<a href=\"https:\/\/balcondelevante.com\/fr\/property\/apartamento-planta-media-con-vistas-al-mar\/\">\n\t\t\t\t\t\t\t<div class=\"epl-blog-image\">\n\t\t\t\t\t\t\t<div class=\"epl-stickers-wrapper\">\n\t\t\t\t\t<\/div>\n\t\t\t\t\t\t\t<img loading=\"lazy\" decoding=\"async\" width=\"300\" height=\"200\" src=\"https:\/\/balcondelevante.com\/wp-content\/uploads\/2024\/02\/IMG_1378-300x200.jpg\" class=\"teaser-left-thumb wp-post-image\" alt=\"\" srcset=\"https:\/\/balcondelevante.com\/wp-content\/uploads\/2024\/02\/IMG_1378-300x200.jpg 300w, https:\/\/balcondelevante.com\/wp-content\/uploads\/2024\/02\/IMG_1378-240x160.jpg 240w\" sizes=\"(max-width: 300px) 100vw, 300px\" \/>\t\t\t\t<\/div>\n\t\t\t\t\t\t\t<\/a>\n\t\t\t\t\t<\/div>\n\t\t\t\t\t\t\t<!-- Home Open -->\n\t\t\t\t\t\t\t\t\t<\/div>\n\t\t\t\n\t\t\t<div class=\"property-box property-box-right property-content\">\n\t\t\t\t<!-- Heading -->\n\t\t\t\t<h3 class=\"entry-title\"><a href=\"https:\/\/balcondelevante.com\/fr\/property\/apartamento-planta-media-con-vistas-al-mar\/\">Apartamento planta media con vistas al mar<\/a><\/h3>\n\t\t\t\t<div class=\"entry-content\">\n\t\t\t\t\t<div class=\"epl-excerpt-content\"><\/div>\t\t\t\t<\/div>\n\t\t\t\t<!-- Address -->\n\t\t\t\t<div class=\"property-address\">\n\t\t\t\t\t<a href=\"https:\/\/balcondelevante.com\/fr\/property\/apartamento-planta-media-con-vistas-al-mar\/\">\n\t\t\t\t\t\t\t\n\t\t\t<span class=\"entry-title-sub\">\n\t\t\t\t\t\t\t<span class=\"item-suburb\"><\/span>\n\t\t\t\t\n\t\t\t\t\t\t<span class=\"item-state\"><\/span>\n\t\t\t<span class=\"item-pcode\"><\/span>\n\t\t\t\t\t<\/span>\n\t\t\t\t\t\t\t<\/a>\n\t\t\t\t<\/div>\n\t\t\t\t<!-- Property Featured Icons -->\n\t\t\t\t<div class=\"property-feature-icons\">\n\t\t\t\t\t<div class=\"epl-icon-svg-container epl-icon-container-bed\">\n\t\t\t\t\t\t\t<div class=\"epl-icon epl-icon-svg bed\" title=\"Chambres\"><svg viewBox=\"0 0 100 100\" class=\"epl-icon-svg-bed\"><use xlink:href=\"#epl-icon-svg-bed\"><\/use><\/svg><\/div>\n\t\t\t\t\t\t\t<div class=\"icon-value\">1<\/div>\n\t\t\t\t\t\t<\/div><div class=\"epl-icon-svg-container epl-icon-container-bath\">\n\t\t\t\t\t\t\t<div class=\"epl-icon epl-icon-svg bath\" title=\"Salle(s) de bain\"><svg viewBox=\"0 0 100 100\" class=\"epl-icon-svg-bath\"><use xlink:href=\"#epl-icon-svg-bath\"><\/use><\/svg><\/div>\n\t\t\t\t\t\t\t<div class=\"icon-value\">1<\/div>\n\t\t\t\t\t\t<\/div><div class=\"epl-icon-svg-container epl-icon-container-air\">\n\t\t\t\t\t\t\t\t\t\t<div class=\"epl-icon epl-icon-svg air\" title=\"Air conditionn\u00e9\"><svg viewBox=\"0 0 100 100\" class=\"epl-icon-svg-air\"><use xlink:href=\"#epl-icon-svg-air\"><\/use><\/svg><\/div>\n\t\t\t\t\t\t\t<\/div>\t\t\t\t<\/div>\n\t\t\t\t<!-- Price -->\n\t\t\t\t<div class=\"price\">\n\t\t\t\t\t<span class=\"page-price\">&euro;320,000<\/span>\t\t\t\t<\/div>\n\t\t\t<\/div>\n\t\t\t<\/div>\n<\/div>\n\n<div id=\"post-40874\" class=\"epl-listing-post epl-property-blog epl-clearfix post-40874 property type-property status-publish has-post-thumbnail hentry epl-status-current\" >\n\t<div class=\"epl-property-blog-entry-wrapper epl-clearfix\">\n\t\t\t\t\t\t\t\t\t<div class=\"property-box property-box-left property-featured-image-wrapper\">\n\t\t\t\t\t\t\t<div class=\"epl-archive-entry-image\">\n\t\t\t\t\t\t\t<a href=\"https:\/\/balcondelevante.com\/fr\/property\/avenida-madrid-26-apt-5f\/\">\n\t\t\t\t\t\t\t<div class=\"epl-blog-image\">\n\t\t\t\t\t\t\t<div class=\"epl-stickers-wrapper\">\n\t\t\t\t\t<\/div>\n\t\t\t\t\t\t\t<img loading=\"lazy\" decoding=\"async\" width=\"300\" height=\"200\" src=\"https:\/\/balcondelevante.com\/wp-content\/uploads\/2023\/12\/fachada-desde-abajo2-300x200.jpg\" class=\"teaser-left-thumb wp-post-image\" alt=\"\" srcset=\"https:\/\/balcondelevante.com\/wp-content\/uploads\/2023\/12\/fachada-desde-abajo2-300x200.jpg 300w, https:\/\/balcondelevante.com\/wp-content\/uploads\/2023\/12\/fachada-desde-abajo2-240x160.jpg 240w\" sizes=\"(max-width: 300px) 100vw, 300px\" \/>\t\t\t\t<\/div>\n\t\t\t\t\t\t\t<\/a>\n\t\t\t\t\t<\/div>\n\t\t\t\t\t\t\t<!-- Home Open -->\n\t\t\t\t\t\t\t\t\t<\/div>\n\t\t\t\n\t\t\t<div class=\"property-box property-box-right property-content\">\n\t\t\t\t<!-- Heading -->\n\t\t\t\t<h3 class=\"entry-title\"><a href=\"https:\/\/balcondelevante.com\/fr\/property\/avenida-madrid-26-apt-5f\/\">Apartamento con Vistas al mar<\/a><\/h3>\n\t\t\t\t<div class=\"entry-content\">\n\t\t\t\t\t<div class=\"epl-excerpt-content\"><\/div>\t\t\t\t<\/div>\n\t\t\t\t<!-- Address -->\n\t\t\t\t<div class=\"property-address\">\n\t\t\t\t\t<a href=\"https:\/\/balcondelevante.com\/fr\/property\/avenida-madrid-26-apt-5f\/\">\n\t\t\t\t\t\t\t\n\t\t\t<span class=\"entry-title-sub\">\n\t\t\t\t\t\t\t<span class=\"item-suburb\">Benidorm<\/span>\n\t\t\t\t\n\t\t\t\t\t\t<span class=\"item-state\">ALICANTE \/ ALACANT<\/span>\n\t\t\t<span class=\"item-pcode\">03503<\/span>\n\t\t\t\t\t<\/span>\n\t\t\t\t\t\t\t<\/a>\n\t\t\t\t<\/div>\n\t\t\t\t<!-- Property Featured Icons -->\n\t\t\t\t<div class=\"property-feature-icons\">\n\t\t\t\t\t<div class=\"epl-icon-svg-container epl-icon-container-bed\">\n\t\t\t\t\t\t\t<div class=\"epl-icon epl-icon-svg bed\" title=\"Chambres\"><svg viewBox=\"0 0 100 100\" class=\"epl-icon-svg-bed\"><use xlink:href=\"#epl-icon-svg-bed\"><\/use><\/svg><\/div>\n\t\t\t\t\t\t\t<div class=\"icon-value\">1<\/div>\n\t\t\t\t\t\t<\/div><div class=\"epl-icon-svg-container epl-icon-container-bath\">\n\t\t\t\t\t\t\t<div class=\"epl-icon epl-icon-svg bath\" title=\"Salle(s) de bain\"><svg viewBox=\"0 0 100 100\" class=\"epl-icon-svg-bath\"><use xlink:href=\"#epl-icon-svg-bath\"><\/use><\/svg><\/div>\n\t\t\t\t\t\t\t<div class=\"icon-value\">1<\/div>\n\t\t\t\t\t\t<\/div><div class=\"epl-icon-svg-container epl-icon-container-car\">\n\t\t\t\t\t\t\t<div class=\"epl-icon epl-icon-svg car\" title=\"place(s) de parking ouvertes\"><svg viewBox=\"0 0 100 100\" class=\"epl-icon-svg-car\"><use xlink:href=\"#epl-icon-svg-car\"><\/use><\/svg><\/div>\n\t\t\t\t\t\t\t<div class=\"icon-value\">1<\/div>\n\t\t\t\t\t\t<\/div><div class=\"epl-icon-svg-container epl-icon-container-pool\">\n\t\t\t\t\t\t\t\t<div class=\"epl-icon epl-icon-svg pool\" title=\"Piscine\"><svg viewBox=\"0 0 100 100\" class=\"epl-icon-svg-pool\"><use xlink:href=\"#epl-icon-svg-pool\"><\/use><\/svg><\/div>\n\t\t\t\t\t\t\t<\/div>\t\t\t\t<\/div>\n\t\t\t\t<!-- Price -->\n\t\t\t\t<div class=\"price\">\n\t\t\t\t\t<span class=\"page-price\">&euro;250,000<\/span>\t\t\t\t<\/div>\n\t\t\t<\/div>\n\t\t\t<\/div>\n<\/div>\n\t\t<\/div>\n\t\t<div class=\"loop-footer epl-clearfix\">\n\t\t\t\t\t\t<div class=\"epl-paginate-default-wrapper epl-clearfix\">\n\t\t\t<div class=\"alignleft\">\n\t\t\t\t\t\t\t<\/div>\n\t\t\t<div class=\"alignright\">\n\t\t\t\t\t\t\t<\/div>\n\t\t<\/div>\n\t\t\t\t<\/div>\n\t<\/div>\n\t\n","protected":false},"excerpt":{"rendered":"","protected":false},"author":1,"featured_media":0,"parent":0,"menu_order":0,"comment_status":"closed","ping_status":"closed","template":"","meta":{"inline_featured_image":false,"footnotes":""},"class_list":["post-41769","page","type-page","status-publish","hentry","epl-status-current"],"aioseo_notices":[],"_links":{"self":[{"href":"https:\/\/balcondelevante.com\/fr\/wp-json\/wp\/v2\/pages\/41769","targetHints":{"allow":["GET"]}}],"collection":[{"href":"https:\/\/balcondelevante.com\/fr\/wp-json\/wp\/v2\/pages"}],"about":[{"href":"https:\/\/balcondelevante.com\/fr\/wp-json\/wp\/v2\/types\/page"}],"author":[{"embeddable":true,"href":"https:\/\/balcondelevante.com\/fr\/wp-json\/wp\/v2\/users\/1"}],"replies":[{"embeddable":true,"href":"https:\/\/balcondelevante.com\/fr\/wp-json\/wp\/v2\/comments?post=41769"}],"version-history":[{"count":0,"href":"https:\/\/balcondelevante.com\/fr\/wp-json\/wp\/v2\/pages\/41769\/revisions"}],"wp:attachment":[{"href":"https:\/\/balcondelevante.com\/fr\/wp-json\/wp\/v2\/media?parent=41769"}],"curies":[{"name":"wp","href":"https:\/\/api.w.org\/{rel}","templated":true}]}}